{"id":87,"date":"2025-09-17T21:58:02","date_gmt":"2025-09-17T19:58:02","guid":{"rendered":"https:\/\/fizjodlaciebie.dominikaklejszmit.pl\/?page_id=87"},"modified":"2025-10-03T22:05:37","modified_gmt":"2025-10-03T20:05:37","slug":"services","status":"publish","type":"page","link":"https:\/\/fizjodlaciebie.dominikaklejszmit.pl\/?page_id=87","title":{"rendered":"Services"},"content":{"rendered":"\t\t<div data-elementor-type=\"wp-page\" data-elementor-id=\"87\" class=\"elementor elementor-87\" data-elementor-post-type=\"page\">\n\t\t\t\t\t\t<section data-particle_enable=\"false\" data-particle-mobile-disabled=\"false\" class=\"elementor-section elementor-top-section elementor-element elementor-element-fb24cb2 elementor-section-stretched elementor-section-full_width elementor-section-height-default elementor-section-height-default\" data-id=\"fb24cb2\" data-element_type=\"section\" data-settings=\"{&quot;stretch_section&quot;:&quot;section-stretched&quot;,&quot;background_background&quot;:&quot;classic&quot;}\">\n\t\t\t\t\t\t<div class=\"elementor-container elementor-column-gap-no\">\n\t\t\t\t\t<div class=\"elementor-column elementor-col-100 elementor-top-column elementor-element elementor-element-d44de1a\" data-id=\"d44de1a\" data-element_type=\"column\">\n\t\t\t<div class=\"elementor-widget-wrap elementor-element-populated\">\n\t\t\t\t\t\t<div class=\"elementor-element elementor-element-6c88b88 elementor-widget__width-initial elementor-widget-tablet__width-initial elementor-absolute elementor-widget elementor-widget-image\" data-id=\"6c88b88\" data-element_type=\"widget\" data-settings=\"{&quot;_position&quot;:&quot;absolute&quot;}\" data-widget_type=\"image.default\">\n\t\t\t\t\t\t\t\t\t\t\t\t\t\t\t<img fetchpriority=\"high\" decoding=\"async\" width=\"273\" height=\"469\" src=\"https:\/\/fizjodlaciebie.dominikaklejszmit.pl\/wp-content\/uploads\/2024\/03\/30c8adb7-mask-group-8.png\" class=\"attachment-full size-full wp-image-27\" alt=\"\" srcset=\"https:\/\/fizjodlaciebie.dominikaklejszmit.pl\/wp-content\/uploads\/2024\/03\/30c8adb7-mask-group-8.png 273w, https:\/\/fizjodlaciebie.dominikaklejszmit.pl\/wp-content\/uploads\/2024\/03\/30c8adb7-mask-group-8-175x300.png 175w, https:\/\/fizjodlaciebie.dominikaklejszmit.pl\/wp-content\/uploads\/2024\/03\/30c8adb7-mask-group-8-64x110.png 64w\" sizes=\"(max-width: 273px) 100vw, 273px\" \/>\t\t\t\t\t\t\t\t\t\t\t\t\t\t\t<\/div>\n\t\t\t\t<section data-particle_enable=\"false\" data-particle-mobile-disabled=\"false\" class=\"elementor-section elementor-inner-section elementor-element elementor-element-1302ad5 elementor-section-boxed elementor-section-height-default elementor-section-height-default elementor-invisible\" data-id=\"1302ad5\" data-element_type=\"section\" data-settings=\"{&quot;animation&quot;:&quot;fadeIn&quot;}\">\n\t\t\t\t\t\t<div class=\"elementor-container elementor-column-gap-no\">\n\t\t\t\t\t<div class=\"elementor-column elementor-col-100 elementor-inner-column elementor-element elementor-element-535a165\" data-id=\"535a165\" data-element_type=\"column\">\n\t\t\t<div class=\"elementor-widget-wrap elementor-element-populated\">\n\t\t\t\t\t\t<div class=\"elementor-element elementor-element-4fff801 elementor-widget elementor-widget-heading\" data-id=\"4fff801\" data-element_type=\"widget\" data-widget_type=\"heading.default\">\n\t\t\t\t\t<h2 class=\"elementor-heading-title elementor-size-default\">Us\u0142ugi<\/h2>\t\t\t\t<\/div>\n\t\t\t\t\t<\/div>\n\t\t<\/div>\n\t\t\t\t\t<\/div>\n\t\t<\/section>\n\t\t\t\t\t<\/div>\n\t\t<\/div>\n\t\t\t\t\t<\/div>\n\t\t<\/section>\n\t\t\t\t<section data-particle_enable=\"false\" data-particle-mobile-disabled=\"false\" class=\"elementor-section elementor-top-section elementor-element elementor-element-ae65a9c elementor-section-boxed elementor-section-height-default elementor-section-height-default\" data-id=\"ae65a9c\" data-element_type=\"section\" data-settings=\"{&quot;background_background&quot;:&quot;classic&quot;}\">\n\t\t\t\t\t\t\t<div class=\"elementor-background-overlay\"><\/div>\n\t\t\t\t\t\t\t<div class=\"elementor-container elementor-column-gap-no\">\n\t\t\t\t\t<div class=\"elementor-column elementor-col-100 elementor-top-column elementor-element elementor-element-ac8f7af\" data-id=\"ac8f7af\" data-element_type=\"column\">\n\t\t\t<div class=\"elementor-widget-wrap elementor-element-populated\">\n\t\t\t\t\t\t<section data-particle_enable=\"false\" data-particle-mobile-disabled=\"false\" class=\"elementor-section elementor-inner-section elementor-element elementor-element-bada8c7 elementor-section-boxed elementor-section-height-default elementor-section-height-default elementor-invisible\" data-id=\"bada8c7\" data-element_type=\"section\" data-settings=\"{&quot;animation&quot;:&quot;fadeInUp&quot;}\">\n\t\t\t\t\t\t<div class=\"elementor-container elementor-column-gap-no\">\n\t\t\t\t\t<div class=\"elementor-column elementor-col-100 elementor-inner-column elementor-element elementor-element-dc20148\" data-id=\"dc20148\" data-element_type=\"column\">\n\t\t\t<div class=\"elementor-widget-wrap elementor-element-populated\">\n\t\t\t\t\t\t<div class=\"elementor-element elementor-element-08589ed elementor-widget elementor-widget-heading\" data-id=\"08589ed\" data-element_type=\"widget\" data-widget_type=\"heading.default\">\n\t\t\t\t\t<h2 class=\"elementor-heading-title elementor-size-default\">Us\u0142ugi <\/h2>\t\t\t\t<\/div>\n\t\t\t\t<div class=\"elementor-element elementor-element-47c6dd2 elementor-widget__width-initial elementor-widget elementor-widget-text-editor\" data-id=\"47c6dd2\" data-element_type=\"widget\" data-widget_type=\"text-editor.default\">\n\t\t\t\t\t\t\t\t\t<p>Zag\u0142\u0119b si\u0119 w naszych us\u0142ugach i wybierz co\u015b dla siebie<\/p>\t\t\t\t\t\t\t\t<\/div>\n\t\t\t\t\t<\/div>\n\t\t<\/div>\n\t\t\t\t\t<\/div>\n\t\t<\/section>\n\t\t\t\t<section data-particle_enable=\"false\" data-particle-mobile-disabled=\"false\" class=\"elementor-section elementor-inner-section elementor-element elementor-element-6ae2e97 elementor-section-boxed elementor-section-height-default elementor-section-height-default\" data-id=\"6ae2e97\" data-element_type=\"section\">\n\t\t\t\t\t\t<div class=\"elementor-container elementor-column-gap-no\">\n\t\t\t\t\t<div class=\"elementor-column elementor-col-33 elementor-inner-column elementor-element elementor-element-db657b3\" data-id=\"db657b3\" data-element_type=\"column\">\n\t\t\t<div class=\"elementor-widget-wrap elementor-element-populated\">\n\t\t\t\t\t\t<div class=\"elementor-element elementor-element-63d015a eael-infobox-shape-radius eael-infobox-hover-img-shape-radius eael-infobox-content-align--center elementor-invisible elementor-widget elementor-widget-eael-info-box\" data-id=\"63d015a\" data-element_type=\"widget\" data-settings=\"{&quot;_animation&quot;:&quot;fadeInLeft&quot;}\" data-widget_type=\"eael-info-box.default\">\n\t\t\t\t\t        <div class=\"eael-infobox icon-on-top\">\n\t            <div class=\"infobox-icon\">\n\n                            <img decoding=\"async\" src=\"https:\/\/fizjodlaciebie.dominikaklejszmit.pl\/wp-content\/uploads\/2024\/03\/c2087c31-icon-1.png\" alt=\"\">\n            \n            \n            \n        <\/div>\n            <div class=\"infobox-content\">\n                    <div class=\"infobox-title-section\">\n                <h2 class=\"title\">Joga<\/h2>            <\/div>\n            <div><p>Zrelaksuj cia\u0142o i umys\u0142 dzi\u0119ki naszym zaj\u0119ciom jogi \u2013 dla pocz\u0105tkuj\u0105cych i zaawansowanych, w rytmie dopasowanym do Twoich potrzeb.<\/p><\/div>        <\/div>\n            <\/div>\n\n\t\t\t\t\t\t<\/div>\n\t\t\t\t\t<\/div>\n\t\t<\/div>\n\t\t\t\t<div class=\"elementor-column elementor-col-33 elementor-inner-column elementor-element elementor-element-3fc82d0\" data-id=\"3fc82d0\" data-element_type=\"column\">\n\t\t\t<div class=\"elementor-widget-wrap elementor-element-populated\">\n\t\t\t\t\t\t<div class=\"elementor-element elementor-element-9444793 eael-infobox-shape-radius eael-infobox-hover-img-shape-radius eael-infobox-content-align--center elementor-invisible elementor-widget elementor-widget-eael-info-box\" data-id=\"9444793\" data-element_type=\"widget\" data-settings=\"{&quot;_animation&quot;:&quot;zoomIn&quot;}\" data-widget_type=\"eael-info-box.default\">\n\t\t\t\t\t        <div class=\"eael-infobox icon-on-top\">\n\t            <div class=\"infobox-icon\">\n\n                            <img decoding=\"async\" src=\"https:\/\/fizjodlaciebie.dominikaklejszmit.pl\/wp-content\/uploads\/2024\/03\/d59b63df-005-balance-ball.png\" alt=\"\">\n            \n            \n            \n        <\/div>\n            <div class=\"infobox-content\">\n                    <div class=\"infobox-title-section\">\n                <h2 class=\"title\">Fitnes<\/h2>            <\/div>\n            <div><p>Aktywne treningi, kt\u00f3re wzmacniaj\u0105 cia\u0142o, poprawiaj\u0105 kondycj\u0119 i dodaj\u0105 energii na co dzie\u0144 \u2013 dopasowane do Twojego poziomu<\/p><\/div>        <\/div>\n            <\/div>\n\n\t\t\t\t\t\t<\/div>\n\t\t\t\t\t<\/div>\n\t\t<\/div>\n\t\t\t\t<div class=\"elementor-column elementor-col-33 elementor-inner-column elementor-element elementor-element-2e68f4e\" data-id=\"2e68f4e\" data-element_type=\"column\">\n\t\t\t<div class=\"elementor-widget-wrap elementor-element-populated\">\n\t\t\t\t\t\t<div class=\"elementor-element elementor-element-b90cf20 eael-infobox-shape-radius eael-infobox-hover-img-shape-radius eael-infobox-content-align--center elementor-invisible elementor-widget elementor-widget-eael-info-box\" data-id=\"b90cf20\" data-element_type=\"widget\" data-settings=\"{&quot;_animation&quot;:&quot;fadeInRight&quot;}\" data-widget_type=\"eael-info-box.default\">\n\t\t\t\t\t        <div class=\"eael-infobox icon-on-top\">\n\t            <div class=\"infobox-icon\">\n\n                            <img decoding=\"async\" src=\"https:\/\/fizjodlaciebie.dominikaklejszmit.pl\/wp-content\/uploads\/2024\/03\/e36dc0a0-001-heart-rate.png\" alt=\"\">\n            \n            \n            \n        <\/div>\n            <div class=\"infobox-content\">\n                    <div class=\"infobox-title-section\">\n                <h2 class=\"title\">Fizykoterapia<\/h2>            <\/div>\n            <div><p>Nowoczesne zabiegi fizykoterapeutyczne wspieraj\u0105ce regeneracj\u0119, redukuj\u0105ce b\u00f3l i poprawiaj\u0105ce sprawno\u015b\u0107 ruchow\u0105.<\/p><\/div>        <\/div>\n            <\/div>\n\n\t\t\t\t\t\t<\/div>\n\t\t\t\t\t<\/div>\n\t\t<\/div>\n\t\t\t\t\t<\/div>\n\t\t<\/section>\n\t\t\t\t<section data-particle_enable=\"false\" data-particle-mobile-disabled=\"false\" class=\"elementor-section elementor-inner-section elementor-element elementor-element-90e1c3a elementor-section-boxed elementor-section-height-default elementor-section-height-default\" data-id=\"90e1c3a\" data-element_type=\"section\">\n\t\t\t\t\t\t<div class=\"elementor-container elementor-column-gap-no\">\n\t\t\t\t\t<div class=\"elementor-column elementor-col-33 elementor-inner-column elementor-element elementor-element-5174450\" data-id=\"5174450\" data-element_type=\"column\">\n\t\t\t<div class=\"elementor-widget-wrap elementor-element-populated\">\n\t\t\t\t\t\t<div class=\"elementor-element elementor-element-6997395 eael-infobox-shape-radius eael-infobox-hover-img-shape-radius eael-infobox-content-align--center elementor-invisible elementor-widget elementor-widget-eael-info-box\" data-id=\"6997395\" data-element_type=\"widget\" data-settings=\"{&quot;_animation&quot;:&quot;fadeInLeft&quot;}\" data-widget_type=\"eael-info-box.default\">\n\t\t\t\t\t        <div class=\"eael-infobox icon-on-top\">\n\t            <div class=\"infobox-icon\">\n\n                            <img decoding=\"async\" src=\"https:\/\/fizjodlaciebie.dominikaklejszmit.pl\/wp-content\/uploads\/2024\/03\/74e82b84-003-meditation.png\" alt=\"\">\n            \n            \n            \n        <\/div>\n            <div class=\"infobox-content\">\n                    <div class=\"infobox-title-section\">\n                <h2 class=\"title\">Psychoterapia<\/h2>            <\/div>\n            <div><p>Wsparcie psychiczne i emocjonalne w bezpiecznej, zaufanej atmosferze \u2013 pomagamy odnale\u017a\u0107 r\u00f3wnowag\u0119 i lepiej radzi\u0107 sobie w codziennym \u017cyciu<\/p><\/div>        <\/div>\n            <\/div>\n\n\t\t\t\t\t\t<\/div>\n\t\t\t\t\t<\/div>\n\t\t<\/div>\n\t\t\t\t<div class=\"elementor-column elementor-col-33 elementor-inner-column elementor-element elementor-element-222e163\" data-id=\"222e163\" data-element_type=\"column\">\n\t\t\t<div class=\"elementor-widget-wrap elementor-element-populated\">\n\t\t\t\t\t\t<div class=\"elementor-element elementor-element-d13fcd3 eael-infobox-shape-radius eael-infobox-hover-img-shape-radius eael-infobox-content-align--center elementor-invisible elementor-widget elementor-widget-eael-info-box\" data-id=\"d13fcd3\" data-element_type=\"widget\" data-settings=\"{&quot;_animation&quot;:&quot;zoomIn&quot;}\" data-widget_type=\"eael-info-box.default\">\n\t\t\t\t\t        <div class=\"eael-infobox icon-on-top\">\n\t            <div class=\"infobox-icon\">\n\n                            <img decoding=\"async\" src=\"https:\/\/fizjodlaciebie.dominikaklejszmit.pl\/wp-content\/uploads\/2024\/03\/19bfbd47-004-stone.png\" alt=\"\">\n            \n            \n            \n        <\/div>\n            <div class=\"infobox-content\">\n                    <div class=\"infobox-title-section\">\n                <h2 class=\"title\">Spa<\/h2>            <\/div>\n            <div><p>Zrelaksuj cia\u0142o i umys\u0142 dzi\u0119ki naszym zabiegom SPA \u2013 chwila odpr\u0119\u017cenia, regeneracji i piel\u0119gnacji w komfortowej atmosferze<\/p><\/div>        <\/div>\n            <\/div>\n\n\t\t\t\t\t\t<\/div>\n\t\t\t\t\t<\/div>\n\t\t<\/div>\n\t\t\t\t<div class=\"elementor-column elementor-col-33 elementor-inner-column elementor-element elementor-element-387d059\" data-id=\"387d059\" data-element_type=\"column\">\n\t\t\t<div class=\"elementor-widget-wrap elementor-element-populated\">\n\t\t\t\t\t\t<div class=\"elementor-element elementor-element-73f37f3 eael-infobox-shape-radius eael-infobox-hover-img-shape-radius eael-infobox-content-align--center elementor-invisible elementor-widget elementor-widget-eael-info-box\" data-id=\"73f37f3\" data-element_type=\"widget\" data-settings=\"{&quot;_animation&quot;:&quot;fadeInRight&quot;}\" data-widget_type=\"eael-info-box.default\">\n\t\t\t\t\t        <div class=\"eael-infobox icon-on-top\">\n\t            <div class=\"infobox-icon\">\n\n                            <img decoding=\"async\" src=\"https:\/\/fizjodlaciebie.dominikaklejszmit.pl\/wp-content\/uploads\/2024\/03\/92f7d6b9-006-aroma.png\" alt=\"\">\n            \n            \n            \n        <\/div>\n            <div class=\"infobox-content\">\n                    <div class=\"infobox-title-section\">\n                <h2 class=\"title\">Dietoterapia<\/h2>            <\/div>\n            <div><p>Indywidualnie dopasowane plany \u017cywieniowe wspieraj\u0105ce zdrowie, samopoczucie i osi\u0105ganie cel\u00f3w zdrowotnych<\/p><\/div>        <\/div>\n            <\/div>\n\n\t\t\t\t\t\t<\/div>\n\t\t\t\t\t<\/div>\n\t\t<\/div>\n\t\t\t\t\t<\/div>\n\t\t<\/section>\n\t\t\t\t\t<\/div>\n\t\t<\/div>\n\t\t\t\t\t<\/div>\n\t\t<\/section>\n\t\t\t\t<\/div>\n\t\t","protected":false},"excerpt":{"rendered":"<p>Us\u0142ugi Us\u0142ugi Zag\u0142\u0119b si\u0119 w naszych us\u0142ugach i wybierz co\u015b dla siebie Joga Zrelaksuj cia\u0142o i umys\u0142 dzi\u0119ki naszym zaj\u0119ciom jogi \u2013 dla pocz\u0105tkuj\u0105cych i zaawansowanych, w rytmie dopasowanym do Twoich potrzeb. Fitnes Aktywne treningi, kt\u00f3re wzmacniaj\u0105 cia\u0142o, poprawiaj\u0105 kondycj\u0119 i dodaj\u0105 energii na co dzie\u0144 \u2013 dopasowane do Twojego poziomu Fizykoterapia Nowoczesne zabiegi fizykoterapeutyczne [&hellip;]<\/p>\n","protected":false},"author":1,"featured_media":0,"parent":0,"menu_order":0,"comment_status":"closed","ping_status":"closed","template":"elementor_header_footer","meta":{"footnotes":""},"class_list":["post-87","page","type-page","status-publish","hentry"],"_links":{"self":[{"href":"https:\/\/fizjodlaciebie.dominikaklejszmit.pl\/index.php?rest_route=\/wp\/v2\/pages\/87","targetHints":{"allow":["GET"]}}],"collection":[{"href":"https:\/\/fizjodlaciebie.dominikaklejszmit.pl\/index.php?rest_route=\/wp\/v2\/pages"}],"about":[{"href":"https:\/\/fizjodlaciebie.dominikaklejszmit.pl\/index.php?rest_route=\/wp\/v2\/types\/page"}],"author":[{"embeddable":true,"href":"https:\/\/fizjodlaciebie.dominikaklejszmit.pl\/index.php?rest_route=\/wp\/v2\/users\/1"}],"replies":[{"embeddable":true,"href":"https:\/\/fizjodlaciebie.dominikaklejszmit.pl\/index.php?rest_route=%2Fwp%2Fv2%2Fcomments&post=87"}],"version-history":[{"count":5,"href":"https:\/\/fizjodlaciebie.dominikaklejszmit.pl\/index.php?rest_route=\/wp\/v2\/pages\/87\/revisions"}],"predecessor-version":[{"id":175,"href":"https:\/\/fizjodlaciebie.dominikaklejszmit.pl\/index.php?rest_route=\/wp\/v2\/pages\/87\/revisions\/175"}],"wp:attachment":[{"href":"https:\/\/fizjodlaciebie.dominikaklejszmit.pl\/index.php?rest_route=%2Fwp%2Fv2%2Fmedia&parent=87"}],"curies":[{"name":"wp","href":"https:\/\/api.w.org\/{rel}","templated":true}]}}