{"id":105,"date":"2025-09-17T21:58:04","date_gmt":"2025-09-17T19:58:04","guid":{"rendered":"https:\/\/fizjodlaciebie.dominikaklejszmit.pl\/?page_id=105"},"modified":"2025-09-27T21:55:50","modified_gmt":"2025-09-27T19:55:50","slug":"contact","status":"publish","type":"page","link":"https:\/\/fizjodlaciebie.dominikaklejszmit.pl\/?page_id=105","title":{"rendered":"Contact"},"content":{"rendered":"\t\t<div data-elementor-type=\"wp-page\" data-elementor-id=\"105\" class=\"elementor elementor-105\" data-elementor-post-type=\"page\">\n\t\t\t\t\t\t<section data-particle_enable=\"false\" data-particle-mobile-disabled=\"false\" class=\"elementor-section elementor-top-section elementor-element elementor-element-fcae7fd elementor-section-stretched elementor-section-full_width elementor-section-height-default elementor-section-height-default\" data-id=\"fcae7fd\" data-element_type=\"section\" data-settings=\"{&quot;stretch_section&quot;:&quot;section-stretched&quot;,&quot;background_background&quot;:&quot;classic&quot;}\">\n\t\t\t\t\t\t<div class=\"elementor-container elementor-column-gap-no\">\n\t\t\t\t\t<div class=\"elementor-column elementor-col-100 elementor-top-column elementor-element elementor-element-4e688b8\" data-id=\"4e688b8\" data-element_type=\"column\">\n\t\t\t<div class=\"elementor-widget-wrap elementor-element-populated\">\n\t\t\t\t\t\t<div class=\"elementor-element elementor-element-f5beff4 elementor-widget__width-auto elementor-widget-tablet__width-initial elementor-absolute elementor-widget elementor-widget-image\" data-id=\"f5beff4\" data-element_type=\"widget\" data-settings=\"{&quot;_position&quot;:&quot;absolute&quot;}\" data-widget_type=\"image.default\">\n\t\t\t\t\t\t\t\t\t\t\t\t\t\t\t<img fetchpriority=\"high\" decoding=\"async\" width=\"427\" height=\"497\" src=\"https:\/\/fizjodlaciebie.dominikaklejszmit.pl\/wp-content\/uploads\/2024\/03\/5ef0f844-mask-group-3.png\" class=\"attachment-full size-full wp-image-20\" alt=\"\" srcset=\"https:\/\/fizjodlaciebie.dominikaklejszmit.pl\/wp-content\/uploads\/2024\/03\/5ef0f844-mask-group-3.png 427w, https:\/\/fizjodlaciebie.dominikaklejszmit.pl\/wp-content\/uploads\/2024\/03\/5ef0f844-mask-group-3-258x300.png 258w, https:\/\/fizjodlaciebie.dominikaklejszmit.pl\/wp-content\/uploads\/2024\/03\/5ef0f844-mask-group-3-64x74.png 64w\" sizes=\"(max-width: 427px) 100vw, 427px\" \/>\t\t\t\t\t\t\t\t\t\t\t\t\t\t\t<\/div>\n\t\t\t\t<section data-particle_enable=\"false\" data-particle-mobile-disabled=\"false\" class=\"elementor-section elementor-inner-section elementor-element elementor-element-eb847e3 elementor-section-boxed elementor-section-height-default elementor-section-height-default elementor-invisible\" data-id=\"eb847e3\" data-element_type=\"section\" data-settings=\"{&quot;animation&quot;:&quot;fadeIn&quot;}\">\n\t\t\t\t\t\t<div class=\"elementor-container elementor-column-gap-no\">\n\t\t\t\t\t<div class=\"elementor-column elementor-col-100 elementor-inner-column elementor-element elementor-element-0da3862\" data-id=\"0da3862\" data-element_type=\"column\">\n\t\t\t<div class=\"elementor-widget-wrap elementor-element-populated\">\n\t\t\t\t\t\t<div class=\"elementor-element elementor-element-3c0401b elementor-widget elementor-widget-heading\" data-id=\"3c0401b\" data-element_type=\"widget\" data-widget_type=\"heading.default\">\n\t\t\t\t\t<h2 class=\"elementor-heading-title elementor-size-default\">Kontakt <\/h2>\t\t\t\t<\/div>\n\t\t\t\t\t<\/div>\n\t\t<\/div>\n\t\t\t\t\t<\/div>\n\t\t<\/section>\n\t\t\t\t\t<\/div>\n\t\t<\/div>\n\t\t\t\t\t<\/div>\n\t\t<\/section>\n\t\t\t\t<section data-particle_enable=\"false\" data-particle-mobile-disabled=\"false\" class=\"elementor-section elementor-top-section elementor-element elementor-element-460adda elementor-section-full_width elementor-section-height-default elementor-section-height-default\" data-id=\"460adda\" data-element_type=\"section\" data-settings=\"{&quot;background_background&quot;:&quot;classic&quot;}\">\n\t\t\t\t\t\t<div class=\"elementor-container elementor-column-gap-no\">\n\t\t\t\t\t<div class=\"elementor-column elementor-col-100 elementor-top-column elementor-element elementor-element-88eb172\" data-id=\"88eb172\" data-element_type=\"column\">\n\t\t\t<div class=\"elementor-widget-wrap elementor-element-populated\">\n\t\t\t\t\t\t<section data-particle_enable=\"false\" data-particle-mobile-disabled=\"false\" class=\"elementor-section elementor-inner-section elementor-element elementor-element-db74f13 elementor-section-boxed elementor-section-height-default elementor-section-height-default elementor-invisible\" data-id=\"db74f13\" data-element_type=\"section\" data-settings=\"{&quot;animation&quot;:&quot;fadeInUp&quot;}\">\n\t\t\t\t\t\t<div class=\"elementor-container elementor-column-gap-no\">\n\t\t\t\t\t<div class=\"elementor-column elementor-col-100 elementor-inner-column elementor-element elementor-element-5043d68\" data-id=\"5043d68\" data-element_type=\"column\">\n\t\t\t<div class=\"elementor-widget-wrap elementor-element-populated\">\n\t\t\t\t\t\t<div class=\"elementor-element elementor-element-11d3ff3 elementor-widget elementor-widget-heading\" data-id=\"11d3ff3\" data-element_type=\"widget\" data-widget_type=\"heading.default\">\n\t\t\t\t\t<h2 class=\"elementor-heading-title elementor-size-default\">Kontakt <\/h2>\t\t\t\t<\/div>\n\t\t\t\t<div class=\"elementor-element elementor-element-6a466e5 elementor-widget__width-initial elementor-widget elementor-widget-text-editor\" data-id=\"6a466e5\" data-element_type=\"widget\" data-widget_type=\"text-editor.default\">\n\t\t\t\t\t\t\t\t\t<p>Masz pytania lub chcesz um\u00f3wi\u0107 wizyt\u0119? Skontaktuj si\u0119 z nami \u2013 jeste\u015bmy tu, aby Ci pom\u00f3c<\/p>\t\t\t\t\t\t\t\t<\/div>\n\t\t\t\t\t<\/div>\n\t\t<\/div>\n\t\t\t\t\t<\/div>\n\t\t<\/section>\n\t\t\t\t<section data-particle_enable=\"false\" data-particle-mobile-disabled=\"false\" class=\"elementor-section elementor-inner-section elementor-element elementor-element-8924710 elementor-section-content-middle elementor-section-boxed elementor-section-height-default elementor-section-height-default elementor-invisible\" data-id=\"8924710\" data-element_type=\"section\" data-settings=\"{&quot;background_background&quot;:&quot;classic&quot;,&quot;animation&quot;:&quot;fadeInUp&quot;}\">\n\t\t\t\t\t\t<div class=\"elementor-container elementor-column-gap-no\">\n\t\t\t\t\t<div class=\"elementor-column elementor-col-100 elementor-inner-column elementor-element elementor-element-62f1ae9\" data-id=\"62f1ae9\" data-element_type=\"column\" data-settings=\"{&quot;background_background&quot;:&quot;classic&quot;}\">\n\t\t\t<div class=\"elementor-widget-wrap elementor-element-populated\">\n\t\t\t\t\t\t\t<\/div>\n\t\t<\/div>\n\t\t\t\t\t<\/div>\n\t\t<\/section>\n\t\t\t\t<div class=\"elementor-element elementor-element-989bc12 elementor-widget__width-auto elementor-absolute elementor-widget elementor-widget-image\" data-id=\"989bc12\" data-element_type=\"widget\" data-settings=\"{&quot;_position&quot;:&quot;absolute&quot;}\" data-widget_type=\"image.default\">\n\t\t\t\t\t\t\t\t\t\t\t\t\t\t\t<img fetchpriority=\"high\" decoding=\"async\" width=\"427\" height=\"497\" src=\"https:\/\/fizjodlaciebie.dominikaklejszmit.pl\/wp-content\/uploads\/2024\/03\/5ef0f844-mask-group-3.png\" class=\"attachment-full size-full wp-image-20\" alt=\"\" srcset=\"https:\/\/fizjodlaciebie.dominikaklejszmit.pl\/wp-content\/uploads\/2024\/03\/5ef0f844-mask-group-3.png 427w, https:\/\/fizjodlaciebie.dominikaklejszmit.pl\/wp-content\/uploads\/2024\/03\/5ef0f844-mask-group-3-258x300.png 258w, https:\/\/fizjodlaciebie.dominikaklejszmit.pl\/wp-content\/uploads\/2024\/03\/5ef0f844-mask-group-3-64x74.png 64w\" sizes=\"(max-width: 427px) 100vw, 427px\" \/>\t\t\t\t\t\t\t\t\t\t\t\t\t\t\t<\/div>\n\t\t\t\t\t<\/div>\n\t\t<\/div>\n\t\t\t\t\t<\/div>\n\t\t<\/section>\n\t\t\t\t<\/div>\n\t\t","protected":false},"excerpt":{"rendered":"<p>Kontakt Kontakt Masz pytania lub chcesz um\u00f3wi\u0107 wizyt\u0119? Skontaktuj si\u0119 z nami \u2013 jeste\u015bmy tu, aby Ci pom\u00f3c<\/p>\n","protected":false},"author":1,"featured_media":0,"parent":0,"menu_order":0,"comment_status":"closed","ping_status":"closed","template":"elementor_header_footer","meta":{"footnotes":""},"class_list":["post-105","page","type-page","status-publish","hentry"],"_links":{"self":[{"href":"https:\/\/fizjodlaciebie.dominikaklejszmit.pl\/index.php?rest_route=\/wp\/v2\/pages\/105","targetHints":{"allow":["GET"]}}],"collection":[{"href":"https:\/\/fizjodlaciebie.dominikaklejszmit.pl\/index.php?rest_route=\/wp\/v2\/pages"}],"about":[{"href":"https:\/\/fizjodlaciebie.dominikaklejszmit.pl\/index.php?rest_route=\/wp\/v2\/types\/page"}],"author":[{"embeddable":true,"href":"https:\/\/fizjodlaciebie.dominikaklejszmit.pl\/index.php?rest_route=\/wp\/v2\/users\/1"}],"replies":[{"embeddable":true,"href":"https:\/\/fizjodlaciebie.dominikaklejszmit.pl\/index.php?rest_route=%2Fwp%2Fv2%2Fcomments&post=105"}],"version-history":[{"count":7,"href":"https:\/\/fizjodlaciebie.dominikaklejszmit.pl\/index.php?rest_route=\/wp\/v2\/pages\/105\/revisions"}],"predecessor-version":[{"id":166,"href":"https:\/\/fizjodlaciebie.dominikaklejszmit.pl\/index.php?rest_route=\/wp\/v2\/pages\/105\/revisions\/166"}],"wp:attachment":[{"href":"https:\/\/fizjodlaciebie.dominikaklejszmit.pl\/index.php?rest_route=%2Fwp%2Fv2%2Fmedia&parent=105"}],"curies":[{"name":"wp","href":"https:\/\/api.w.org\/{rel}","templated":true}]}}